{"id":6272,"date":"2025-02-11T10:50:47","date_gmt":"2025-02-11T09:50:47","guid":{"rendered":"http:\/\/localhost:8888\/latour-finance\/?page_id=6272"},"modified":"2025-04-16T11:20:21","modified_gmt":"2025-04-16T09:20:21","slug":"agbs","status":"publish","type":"page","link":"https:\/\/latour-finances.de\/en\/agbs\/","title":{"rendered":"AGBS"},"content":{"rendered":"<h1 class=\"wp-block-heading\">Allgemeine Gesch\u00e4ftsbedingungen (AGBs)<\/h1>\n\n\n\n<p>1. Allgemeine Bestimmungen 1.1. Diese Gesch\u00e4ftsbedingungen gelten f\u00fcr alle Leistungen f\u00fcr Verbraucher, Unternehmer und juristische Personen des \u00f6ffentlichen Rechts. Abweichungen werden gesondert benannt. 1.2. Entgegenstehende oder von Bedingungen von Sophie Latour abweichende Bedingungen des Teilnehmers erkenntSophie Latour nicht an, es sei denn, sie h\u00e4tte ausdr\u00fccklich schriftlich ihrer Geltung zugestimmt. Auch wennSophie Latour in Kenntnis entgegenstehender oder abweichender Bedingungen Vertr\u00e4ge vorbehaltlos schlie\u00dft, gelten ausschlie\u00dflich die Bedingungen von Sophie Latour. 2. Vertragsschluss 2.1. Welche Leistung vereinbart wurde, entnehmen Sie der Beschreibung des jeweiligen Services. Diese Beschreibungen sind bindend. 3. Widerrufsrecht 3.1. Sie k\u00f6nnen Ihre Vertragserkl\u00e4rung innerhalb von 14 Tagen ohne Angabe von Gr\u00fcnden in Textform (z.B. Brief, e-Mail) widerrufen. Die Frist beginnt einen Tag nachdem Ihnen diese Belehrung in Textform mitgeteilt worden ist, jedoch nicht vor Vertragsschluss und auch nicht vor Erf\u00fcllung unserer Informationspflichten gem\u00e4\u00df Artikel 246 \u00a7 2 in Verbindung mit \u00a7 1 Absatz 1 und 2 EGBGB sowie nicht vor Erf\u00fcllung unserer Pflichten gem\u00e4\u00df \u00a7 312g Absatz 1 Satz 1 BGB in Verbindung mit Artikel 246 \u00a7 3 EGBGB. Zur Wahrung der Widerrufsfrist gen\u00fcgt die rechtzeitige Absendung des Widerrufs. Der Widerruf ist zu richten an: Sophie Latour, Schmellerstra\u00dfe 30, 80337 M\u00fcnchen, e-mail: slatour@expatriation-allemagne.com. 3.2. Stornierungen sind nur schriftlich m\u00f6glich. 4. \u00c4nderungsvorbehalt Sophie Latour ist berechtigt, notwendige inhaltliche, methodische und organisatorische \u00c4nderungen vor oder w\u00e4hrend der Veranstaltung vorzunehmen, soweit diese den Nutzen der angek\u00fcndigten Veranstaltung f\u00fcr Sie nicht wesentlich \u00e4ndern. 5 Urheberrecht, Nutzungsbedingungen 5. 1 Das Urheberrecht an allen von Sophie Latour erbrachten Leistungen verbleibt beiSophie Latour. Material in jeglicher Form darf nur mit ausdr\u00fccklicher schriftlicher Zustimmung von Sophie Latour verbreitet werden, ausser sie weisst explizit darauf hin. Es darf insbesondere nicht f\u00fcr \u00e4hnliche Leistungen verwendet, \u00fcberarbeitet, umgeschrieben oder in anderer Weise ver\u00e4ndert oder angepasst werden. 5.2. Der Newsletter selbst oder Inhalte aus diesem sowie Videos oder anderes, was Sie von und \u00fcber Sophie Latour erhalten, darf und d\u00fcrfen nicht runtergeladen, kopiert oder weitergeleitet werden. M\u00f6chten Sie Ihren Freunden eine Freude machen, k\u00f6nnen Sie diesen gerne den Newsletter von Sophie Latour empfehlen. 6. Haftung f\u00fcr Sch\u00e4den 6.1. F\u00fcr die Korrektheit, Aktualit\u00e4t und Vollst\u00e4ndigkeit der Veranstaltungsinhalte, der Veranstaltungsunterlagen sowie die Erreichung des jeweils vom Teilnehmer angestrebten Ziels \u00fcbernehmen wir keine Haftung. Ebenso nicht f\u00fcr etwaige Folgesch\u00e4den, welche aus fehlerhaften und\/oder unvollst\u00e4ndigen Veranstaltungsinhalten entstehen sollten. 6. 2. Die Haftung von Sophie Latour f\u00fcr vertragliche Pflichtverletzungen sowie aus Delikt ist auf Vorsatz und grobe Fahrl\u00e4ssigkeit beschr\u00e4nkt. 7. Datenschutz 7.1. Hinweis nach \u00a7 33 BDSG: Die Speicherung und Verarbeitung Ihrer Kundendaten durch uns, von uns beauftragten Dienstleistern und Unternehmen erfolgt unter Beachtung des Bundesdatenschutzgesetzes. 7.2. Die f\u00fcr die Gesch\u00e4ftsabwicklung notwendigen Daten werden gespeichert. Alle personenbezogenen Daten werden selbstverst\u00e4ndlich vertraulich behandelt. 8. Schriftform Nebenabreden, \u00c4nderungen oder Erg\u00e4nzungen zu diesem Vertrag sowie rechtserhebliche Erkl\u00e4rungen und Anzeigen, bed\u00fcrfen der Schriftform. Das Schriftlichkeitserfordernis kann nur schriftlich abbedungen werden. Vorstehendes gilt nicht f\u00fcr individuelle Vereinbarungen, diese k\u00f6nnen auch formlos wirksam sein. 9. Erf\u00fcllungsort - Rechtswahl - Gerichtsstand Soweit sich aus dem Vertrag nichts anderes ergibt, ist Erf\u00fcllungs- und Zahlungsort der Gesch\u00e4ftssitz von Sophie Latour. F\u00fcr s\u00e4mtliche Rechtsbeziehungen der Parteien gilt das Recht der Bundesrepublik Deutschland unter Ausschluss der Gesetze \u00fcber den internationalen Kauf beweglicher Waren. Diese Rechtswahl gilt auch f\u00fcr Verbrauchervertr\u00e4ge, sofern Art. 29 EGBGB nicht entgegensteht. Ausschlie\u00dflicher Gerichtsstand ist bei Vertr\u00e4gen mit Kaufleuten, juristischen Personen des \u00f6ffentlichen Rechts oder \u00f6ffentlich-rechtlichen Sonderverm\u00f6gen das f\u00fcr den Gesch\u00e4ftssitz von Sophie Latour zust\u00e4ndige Gericht. 10. Wirksamkeit der Gesch\u00e4ftsbedingungen Sollten einer oder mehrere Punkte dieser Gesch\u00e4ftsbedingungen unwirksam sein oder werden, beeintr\u00e4chtigt dies die Wirksamkeit der verbleibenden Punkte und die Wirksamkeit des Vertrages in seiner Gesamtheit nicht. An die Stelle der unwirksamen Bestimmung soll diejenige Regelung treten, deren Wirkungen der wirtschaftlichen Zielsetzung m\u00f6glichst nahe kommen, die die Vertragsparteien mit der unwirksamen Bestimmung verfolgt haben.<\/p>\n\n\n\n<p><a href=\"https:\/\/www.facebook.com\/Latour-Finances-394291710988214\/\" target=\"_blank\" rel=\"noreferrer noopener\"><\/a><\/p>","protected":false},"excerpt":{"rendered":"<p>Allgemeine Gesch\u00e4ftsbedingungen (AGBs) 1. Allgemeine Bestimmungen 1.1. Diese Gesch\u00e4ftsbedingungen gelten f\u00fcr alle Leistungen f\u00fcr Verbraucher, Unternehmer und juristische Personen des \u00f6ffentlichen Rechts. Abweichungen werden gesondert benannt. 1.2 Entgegenstehende oder von...<\/p>","protected":false},"author":1,"featured_media":0,"parent":0,"menu_order":0,"comment_status":"closed","ping_status":"open","template":"","meta":{"footnotes":""},"class_list":["post-6272","page","type-page","status-publish"],"yoast_head":"<!-- This site is optimized with the Yoast SEO plugin v26.2 - https:\/\/yoast.com\/wordpress\/plugins\/seo\/ -->\n<title>AGBS - Expat Finances<\/title>\n<meta name=\"robots\" content=\"index, follow, max-snippet:-1, max-image-preview:large, max-video-preview:-1\" \/>\n<link rel=\"canonical\" href=\"https:\/\/latour-finances.de\/en\/agbs\/\" \/>\n<meta property=\"og:locale\" content=\"en_US\" \/>\n<meta property=\"og:type\" content=\"article\" \/>\n<meta property=\"og:title\" content=\"AGBS - Expat Finances\" \/>\n<meta property=\"og:description\" content=\"Allgemeine Gesch\u00e4ftsbedingungen (AGBs) 1. Allgemeine Bestimmungen 1.1. Diese Gesch\u00e4ftsbedingungen gelten f\u00fcr alle Leistungen f\u00fcr Verbraucher, Unternehmer und juristische Personen des \u00f6ffentlichen Rechts. Abweichungen werden gesondert benannt. 1.2. Entgegenstehende oder von...\" \/>\n<meta property=\"og:url\" content=\"https:\/\/latour-finances.de\/en\/agbs\/\" \/>\n<meta property=\"og:site_name\" content=\"Expat Finances\" \/>\n<meta property=\"article:modified_time\" content=\"2025-04-16T09:20:21+00:00\" \/>\n<meta name=\"twitter:card\" content=\"summary_large_image\" \/>\n<meta name=\"twitter:label1\" content=\"Est. reading time\" \/>\n\t<meta name=\"twitter:data1\" content=\"4 minutes\" \/>\n<script type=\"application\/ld+json\" class=\"yoast-schema-graph\">{\"@context\":\"https:\/\/schema.org\",\"@graph\":[{\"@type\":\"WebPage\",\"@id\":\"https:\/\/latour-finances.de\/agbs\/\",\"url\":\"https:\/\/latour-finances.de\/agbs\/\",\"name\":\"AGBS - Expat Finances\",\"isPartOf\":{\"@id\":\"https:\/\/latour-finances.de\/#website\"},\"datePublished\":\"2025-02-11T09:50:47+00:00\",\"dateModified\":\"2025-04-16T09:20:21+00:00\",\"breadcrumb\":{\"@id\":\"https:\/\/latour-finances.de\/agbs\/#breadcrumb\"},\"inLanguage\":\"en-US\",\"potentialAction\":[{\"@type\":\"ReadAction\",\"target\":[\"https:\/\/latour-finances.de\/agbs\/\"]}]},{\"@type\":\"BreadcrumbList\",\"@id\":\"https:\/\/latour-finances.de\/agbs\/#breadcrumb\",\"itemListElement\":[{\"@type\":\"ListItem\",\"position\":1,\"name\":\"Accueil\",\"item\":\"https:\/\/latour-finances.de\/\"},{\"@type\":\"ListItem\",\"position\":2,\"name\":\"AGBS\"}]},{\"@type\":\"WebSite\",\"@id\":\"https:\/\/latour-finances.de\/#website\",\"url\":\"https:\/\/latour-finances.de\/\",\"name\":\"Expat Finances\",\"description\":\"\",\"potentialAction\":[{\"@type\":\"SearchAction\",\"target\":{\"@type\":\"EntryPoint\",\"urlTemplate\":\"https:\/\/latour-finances.de\/?s={search_term_string}\"},\"query-input\":{\"@type\":\"PropertyValueSpecification\",\"valueRequired\":true,\"valueName\":\"search_term_string\"}}],\"inLanguage\":\"en-US\"}]}<\/script>\n<!-- \/ Yoast SEO plugin. -->","yoast_head_json":{"title":"AGBS - Expat Finances","robots":{"index":"index","follow":"follow","max-snippet":"max-snippet:-1","max-image-preview":"max-image-preview:large","max-video-preview":"max-video-preview:-1"},"canonical":"https:\/\/latour-finances.de\/en\/agbs\/","og_locale":"en_US","og_type":"article","og_title":"AGBS - Expat Finances","og_description":"Allgemeine Gesch\u00e4ftsbedingungen (AGBs) 1. Allgemeine Bestimmungen 1.1. Diese Gesch\u00e4ftsbedingungen gelten f\u00fcr alle Leistungen f\u00fcr Verbraucher, Unternehmer und juristische Personen des \u00f6ffentlichen Rechts. Abweichungen werden gesondert benannt. 1.2. Entgegenstehende oder von...","og_url":"https:\/\/latour-finances.de\/en\/agbs\/","og_site_name":"Expat Finances","article_modified_time":"2025-04-16T09:20:21+00:00","twitter_card":"summary_large_image","twitter_misc":{"Est. reading time":"4 minutes"},"schema":{"@context":"https:\/\/schema.org","@graph":[{"@type":"WebPage","@id":"https:\/\/latour-finances.de\/agbs\/","url":"https:\/\/latour-finances.de\/agbs\/","name":"AGBS - Expat Finances","isPartOf":{"@id":"https:\/\/latour-finances.de\/#website"},"datePublished":"2025-02-11T09:50:47+00:00","dateModified":"2025-04-16T09:20:21+00:00","breadcrumb":{"@id":"https:\/\/latour-finances.de\/agbs\/#breadcrumb"},"inLanguage":"en-US","potentialAction":[{"@type":"ReadAction","target":["https:\/\/latour-finances.de\/agbs\/"]}]},{"@type":"BreadcrumbList","@id":"https:\/\/latour-finances.de\/agbs\/#breadcrumb","itemListElement":[{"@type":"ListItem","position":1,"name":"Accueil","item":"https:\/\/latour-finances.de\/"},{"@type":"ListItem","position":2,"name":"AGBS"}]},{"@type":"WebSite","@id":"https:\/\/latour-finances.de\/#website","url":"https:\/\/latour-finances.de\/","name":"Expat Finances","description":"","potentialAction":[{"@type":"SearchAction","target":{"@type":"EntryPoint","urlTemplate":"https:\/\/latour-finances.de\/?s={search_term_string}"},"query-input":{"@type":"PropertyValueSpecification","valueRequired":true,"valueName":"search_term_string"}}],"inLanguage":"en-US"}]}},"_links":{"self":[{"href":"https:\/\/latour-finances.de\/en\/wp-json\/wp\/v2\/pages\/6272","targetHints":{"allow":["GET"]}}],"collection":[{"href":"https:\/\/latour-finances.de\/en\/wp-json\/wp\/v2\/pages"}],"about":[{"href":"https:\/\/latour-finances.de\/en\/wp-json\/wp\/v2\/types\/page"}],"author":[{"embeddable":true,"href":"https:\/\/latour-finances.de\/en\/wp-json\/wp\/v2\/users\/1"}],"replies":[{"embeddable":true,"href":"https:\/\/latour-finances.de\/en\/wp-json\/wp\/v2\/comments?post=6272"}],"version-history":[{"count":2,"href":"https:\/\/latour-finances.de\/en\/wp-json\/wp\/v2\/pages\/6272\/revisions"}],"predecessor-version":[{"id":6556,"href":"https:\/\/latour-finances.de\/en\/wp-json\/wp\/v2\/pages\/6272\/revisions\/6556"}],"wp:attachment":[{"href":"https:\/\/latour-finances.de\/en\/wp-json\/wp\/v2\/media?parent=6272"}],"curies":[{"name":"wp","href":"https:\/\/api.w.org\/{rel}","templated":true}]}}