{"id":6258,"date":"2025-02-11T10:24:21","date_gmt":"2025-02-11T09:24:21","guid":{"rendered":"http:\/\/localhost:8888\/latour-finance\/?page_id=6258"},"modified":"2025-06-13T14:12:27","modified_gmt":"2025-06-13T12:12:27","slug":"contact-expat-finance-study-germany","status":"publish","type":"page","link":"https:\/\/latour-finances.de\/en\/contact-expat-finance-study-germany\/","title":{"rendered":"Contact"},"content":{"rendered":"<div id=\"fws_69f4df88711ed\"  data-column-margin=\"default\" data-midnight=\"light\" data-top-percent=\"18%\" data-bottom-percent=\"10%\"  class=\"wpb_row vc_row-fluid vc_row full-width-content vc_row-o-equal-height vc_row-flex vc_row-o-content-bottom parallax_section right_padding_7pct left_padding_7pct top_padding_phone_30pct bottom_padding_phone_20pct\"  style=\"padding-top: calc(100vw * 0.18); padding-bottom: calc(100vw * 0.10); \"><div class=\"row-bg-wrap\" data-bg-animation=\"fade-in\" data-bg-animation-delay=\"\" data-bg-overlay=\"true\"><div class=\"inner-wrap row-bg-layer using-image\" style=\"background-color: #d1d1ca;\" ><div class=\"row-bg viewport-desktop using-image using-bg-color\" data-parallax-speed=\"fast\" style=\"background-image: url(https:\/\/latour-finances.de\/wp-content\/uploads\/2025\/02\/4256.jpg); background-position: center center; background-repeat: no-repeat; background-color: #d1d1ca; \"><\/div><\/div><div class=\"row-bg-overlay row-bg-layer\" style=\"background: #1d4c5a; background: linear-gradient(90deg,#1d4c5a 0%,rgba(34,178,164,0.01) 100%);  opacity: 0.3; \"><\/div><\/div><div class=\"row_col_wrap_12 col span_12 light left\">\n\t<div  class=\"vc_col-sm-6 wpb_column column_container vc_column_container col no-extra-padding inherit_tablet inherit_phone\"  data-padding-pos=\"all\" data-has-bg-color=\"false\" data-bg-color=\"\" data-bg-opacity=\"1\" data-animation=\"\" data-delay=\"0\" >\n\t\t<div class=\"vc_column-inner\" >\n\t\t\t<div class=\"wpb_wrapper\">\n\t\t\t\t<div id=\"fws_69f4df887191d\" data-midnight=\"\" data-column-margin=\"default\" class=\"wpb_row vc_row-fluid vc_row inner_row\"  style=\"\"><div class=\"row-bg-wrap\"> <div class=\"row-bg\" ><\/div> <\/div><div class=\"row_col_wrap_12_inner col span_12  left\">\n\t<div  class=\"vc_col-sm-12 wpb_column column_container vc_column_container col child_column no-extra-padding inherit_tablet inherit_phone\"   data-padding-pos=\"all\" data-has-bg-color=\"false\" data-bg-color=\"\" data-bg-opacity=\"1\" data-animation=\"\" data-delay=\"0\" >\n\t\t<div class=\"vc_column-inner\" >\n\t\t<div class=\"wpb_wrapper\">\n\t\t\t<div class=\"nectar-split-heading\" data-align=\"default\" data-m-align=\"inherit\" data-text-effect=\"default\" data-animation-type=\"line-reveal-by-space\" data-animation-delay=\"0\" data-animation-offset=\"\" data-m-rm-animation=\"\" data-stagger=\"\" data-custom-font-size=\"false\" ><h1 >Contact us !<\/h1><\/div>\n<div class=\"wpb_text_column wpb_content_element\" style=\" max-width: 500px; display: inline-block;\">\n\t<div class=\"wpb_wrapper\">\n\t\t<p>Your financial advisory firm specializing in tax and wealth management for expats in Germany.\nWe provide expert guidance for expatriates in Germany on all aspects of personal finance \u2014 from retirement planning and real estate investments to financial portfolios and insurance solutions.<\/p>\n\t<\/div>\n<\/div>\n\n\n\n\n\t\t<\/div> \n\t<\/div>\n\t<\/div> \n<\/div><\/div><div id=\"fws_69f4df8872095\" data-midnight=\"\" data-column-margin=\"default\" class=\"wpb_row vc_row-fluid vc_row inner_row\"  style=\"\"><div class=\"row-bg-wrap\"> <div class=\"row-bg\" ><\/div> <\/div><div class=\"row_col_wrap_12_inner col span_12  left\">\n\t<div  class=\"vc_col-sm-12 wpb_column column_container vc_column_container col child_column has-animation no-extra-padding inherit_tablet inherit_phone\"   data-padding-pos=\"all\" data-has-bg-color=\"false\" data-bg-color=\"\" data-bg-opacity=\"1\" data-animation=\"fade-in\" data-delay=\"800\" >\n\t\t<div class=\"vc_column-inner\" >\n\t\t<div class=\"wpb_wrapper\">\n\t\t\t<div class=\"nectar-cta  alignment_tablet_default alignment_phone_default display_tablet_inherit display_phone_inherit\" data-color=\"accent-color\" data-using-bg=\"true\" data-style=\"arrow-animation\" data-display=\"block\" data-alignment=\"left\" data-text-color=\"custom\" style=\"margin-top: 30px; \"><h4 style=\"color: #ffffff;\"><span class=\"link_wrap\" style=\"padding-top: 20px; padding-right: 40px; padding-bottom: 20px; padding-left: 40px;\"><a  class=\"link_text\" role=\"button\" href=\"https:\/\/latour-finances.de\/en\/expat-finances-pourquoi-nous-allemagne\/\"><span class=\"text\">Why us?<\/span><svg class=\"next-arrow\" aria-hidden=\"true\" width=\"20px\" height=\"25px\" viewbox=\"0 0 50 80\" xml:space=\"preserve\">\n  <polyline stroke=\"#ffffff\" stroke-width=\"9\" fill=\"none\" stroke-linecap=\"round\" stroke-linejoin=\"round\" points=\"0, 0 45, 40 0, 80\"\/>\n  <\/svg>  <span class=\"line\"  style=\"background-color: #ffffff;\"><\/span> <\/a><\/span><\/h4><\/div>\n\t\t<\/div> \n\t<\/div>\n\t<\/div> \n<\/div><\/div>\n\t\t\t<\/div> \n\t\t<\/div>\n\t<\/div> \n\n\t<div  class=\"vc_col-sm-6 wpb_column column_container vc_column_container col no-extra-padding inherit_tablet inherit_phone\"  data-padding-pos=\"all\" data-has-bg-color=\"false\" data-bg-color=\"\" data-bg-opacity=\"1\" data-animation=\"\" data-delay=\"0\" >\n\t\t<div class=\"vc_column-inner\" >\n\t\t\t<div class=\"wpb_wrapper\">\n\t\t\t\t\n\t\t\t<\/div> \n\t\t<\/div>\n\t<\/div> \n<\/div><\/div>\n\t\t<div id=\"fws_69f4df8872c50\"  data-column-margin=\"default\" data-midnight=\"dark\" data-top-percent=\"4%\" data-bottom-percent=\"4%\"  class=\"wpb_row vc_row-fluid vc_row\"  style=\"padding-top: calc(100vw * 0.04); padding-bottom: calc(100vw * 0.04); \"><div class=\"row-bg-wrap\" data-bg-animation=\"none\" data-bg-animation-delay=\"\" data-bg-overlay=\"false\"><div class=\"inner-wrap row-bg-layer\" ><div class=\"row-bg viewport-desktop\"  style=\"\"><\/div><\/div><\/div><div class=\"row_col_wrap_12 col span_12 dark left\">\n\t<div  class=\"vc_col-sm-6 wpb_column column_container vc_column_container col no-extra-padding inherit_tablet inherit_phone\"  data-padding-pos=\"all\" data-has-bg-color=\"false\" data-bg-color=\"\" data-bg-opacity=\"1\" data-animation=\"\" data-delay=\"0\" >\n\t\t<div class=\"vc_column-inner\" >\n\t\t\t<div class=\"wpb_wrapper\">\n\t\t\t\t<div id=\"fws_69f4df8873106\" data-midnight=\"\" data-column-margin=\"default\" class=\"wpb_row vc_row-fluid vc_row inner_row\"  style=\"\"><div class=\"row-bg-wrap\"> <div class=\"row-bg\" ><\/div> <\/div><div class=\"row_col_wrap_12_inner col span_12  left\">\n\t<div  class=\"vc_col-sm-12 wpb_column column_container vc_column_container col child_column no-extra-padding inherit_tablet inherit_phone\"   data-padding-pos=\"all\" data-has-bg-color=\"false\" data-bg-color=\"\" data-bg-opacity=\"1\" data-animation=\"\" data-delay=\"0\" >\n\t\t<div class=\"vc_column-inner\" >\n\t\t<div class=\"wpb_wrapper\">\n\t\t\t<div class=\"nectar-highlighted-text\" data-style=\"full_text\" data-exp=\"default\" data-using-custom-color=\"false\" data-animation-delay=\"false\" data-color=\"\" data-color-gradient=\"\" style=\"\"><h2>Contact us !<\/h2>\n<\/div><div class=\"nectar-highlighted-text\" data-style=\"full_text\" data-exp=\"default\" data-using-custom-color=\"false\" data-animation-delay=\"false\" data-color=\"\" data-color-gradient=\"\" style=\"\"><p>Contact us for all inquiries and personalized financial guidance.<br \/>\nWe are fully available to answer your questions promptly and provide timely support.<\/p>\n<\/div>\n\t\t<\/div> \n\t<\/div>\n\t<\/div> \n<\/div><\/div><div id=\"fws_69f4df8873898\" data-midnight=\"\" data-column-margin=\"default\" class=\"wpb_row vc_row-fluid vc_row inner_row\"  style=\"\"><div class=\"row-bg-wrap\"> <div class=\"row-bg\" ><\/div> <\/div><div class=\"row_col_wrap_12_inner col span_12  left\">\n\t<div style=\"\" class=\"vc_col-sm-12 wpb_column column_container vc_column_container col child_column padding-5-percent inherit_tablet inherit_phone\"  data-using-bg=\"true\" data-border-radius=\"5px\" data-padding-pos=\"all\" data-has-bg-color=\"true\" data-bg-color=\"rgba(132,179,180,0.2)\" data-bg-opacity=\"1\" data-animation=\"\" data-delay=\"0\" >\n\t\t<div class=\"vc_column-inner\" ><div class=\"column-bg-overlay-wrap column-bg-layer\" data-bg-animation=\"none\"><div class=\"column-bg-overlay\" style=\"opacity: 1; background-color: rgba(132,179,180,0.2);\"><\/div><\/div>\n\t\t<div class=\"wpb_wrapper\">\n\t\t\t\n<div class=\"wpcf7 no-js\" id=\"wpcf7-f6262-o1\" lang=\"fr-FR\" dir=\"ltr\" data-wpcf7-id=\"6262\">\n<div class=\"screen-reader-response\"><p role=\"status\" aria-live=\"polite\" aria-atomic=\"true\"><\/p> <ul><\/ul><\/div>\n<form action=\"\/en\/wp-json\/wp\/v2\/pages\/6258#wpcf7-f6262-o1\" method=\"post\" class=\"wpcf7-form init\" aria-label=\"Contact form\" novalidate=\"novalidate\" data-status=\"init\" data-trp-original-action=\"\/en\/wp-json\/wp\/v2\/pages\/6258#wpcf7-f6262-o1\">\n<fieldset class=\"hidden-fields-container\"><input type=\"hidden\" name=\"_wpcf7\" value=\"6262\" \/><input type=\"hidden\" name=\"_wpcf7_version\" value=\"6.1.3\" \/><input type=\"hidden\" name=\"_wpcf7_locale\" value=\"fr_FR\" \/><input type=\"hidden\" name=\"_wpcf7_unit_tag\" value=\"wpcf7-f6262-o1\" \/><input type=\"hidden\" name=\"_wpcf7_container_post\" value=\"0\" \/><input type=\"hidden\" name=\"_wpcf7_posted_data_hash\" value=\"\" \/><input type=\"hidden\" name=\"_wpcf7_recaptcha_response\" value=\"\" \/>\n<\/fieldset>\n<p><label> Your surname &amp; first name<br \/>\n<span class=\"wpcf7-form-control-wrap\" data-name=\"your-name\"><input size=\"40\" maxlength=\"400\" class=\"wpcf7-form-control wpcf7-text wpcf7-validates-as-required\" autocomplete=\"name\" aria-required=\"true\" aria-invalid=\"false\" value=\"\" type=\"text\" name=\"your-name\" \/><\/span> <\/label>\n<\/p>\n<p><label> Your e-email<br \/>\n<span class=\"wpcf7-form-control-wrap\" data-name=\"your-email\"><input size=\"40\" maxlength=\"400\" class=\"wpcf7-form-control wpcf7-email wpcf7-validates-as-required wpcf7-text wpcf7-validates-as-email\" autocomplete=\"email\" aria-required=\"true\" aria-invalid=\"false\" value=\"\" type=\"email\" name=\"your-email\" \/><\/span> <\/label>\n<\/p>\n<p><label> Your mobile phone<br \/>\n<span class=\"wpcf7-form-control-wrap\" data-name=\"your-phone\"><input size=\"40\" maxlength=\"400\" class=\"wpcf7-form-control wpcf7-text wpcf7-validates-as-required\" aria-required=\"true\" aria-invalid=\"false\" value=\"\" type=\"text\" name=\"your-phone\" \/><\/span> <\/label>\n<\/p>\n<p><label> Subject<br \/>\n<span class=\"wpcf7-form-control-wrap\" data-name=\"your-subject\"><input size=\"40\" maxlength=\"400\" class=\"wpcf7-form-control wpcf7-text wpcf7-validates-as-required\" aria-required=\"true\" aria-invalid=\"false\" value=\"\" type=\"text\" name=\"your-subject\" \/><\/span> <\/label>\n<\/p>\n<p><label> Your message (optional)<br \/>\n<span class=\"wpcf7-form-control-wrap\" data-name=\"your-message\"><textarea cols=\"40\" rows=\"10\" maxlength=\"2000\" class=\"wpcf7-form-control wpcf7-textarea\" aria-invalid=\"false\" name=\"your-message\"><\/textarea><\/span> <\/label>\n<\/p>\n<p><br \/>\n<span class=\"wpcf7-form-control-wrap recaptcha\" data-name=\"recaptcha\"><span data-sitekey=\"6LeY-0ArAAAAAEaWo_TbEP9vuqTC9E1MNIlrQi7I\" class=\"wpcf7-form-control wpcf7-recaptcha g-recaptcha\"><\/span>\r\n<noscript>\r\n\t<div class=\"grecaptcha-noscript\">\r\n\t\t<iframe loading=\"lazy\" src=\"https:\/\/www.google.com\/recaptcha\/api\/fallback?k=6LeY-0ArAAAAAEaWo_TbEP9vuqTC9E1MNIlrQi7I\" frameborder=\"0\" scrolling=\"no\" width=\"310\" height=\"430\">\r\n\t\t<\/iframe>\r\n\t\t<textarea name=\"g-recaptcha-response\" rows=\"3\" cols=\"40\" placeholder=\"reCaptcha Response Here\">\r\n\t\t<\/textarea>\r\n\t<\/div>\r\n<\/noscript>\r\n<\/span>\n<\/p>\n<p><input class=\"wpcf7-form-control wpcf7-submit has-spinner\" type=\"submit\" value=\"Send\" \/>\n<\/p><div class=\"wpcf7-response-output\" aria-hidden=\"true\"><\/div>\n<input type=\"hidden\" name=\"trp-form-language\" value=\"en\"\/><\/form>\n<\/div>\n\n\t\t<\/div> \n\t<\/div>\n\t<\/div> \n<\/div><\/div>\n\t\t\t<\/div> \n\t\t<\/div>\n\t<\/div> \n\n\t<div  class=\"vc_col-sm-6 wpb_column column_container vc_column_container col no-extra-padding inherit_tablet inherit_phone\"  data-padding-pos=\"all\" data-has-bg-color=\"false\" data-bg-color=\"\" data-bg-opacity=\"1\" data-animation=\"\" data-delay=\"0\" >\n\t\t<div class=\"vc_column-inner\" >\n\t\t\t<div class=\"wpb_wrapper\">\n\t\t\t\t<div class=\"nectar-highlighted-text\" data-style=\"full_text\" data-exp=\"default\" data-using-custom-color=\"false\" data-animation-delay=\"false\" data-color=\"\" data-color-gradient=\"\" style=\"\"><p><strong>Adress\u00a0<\/strong>:<br \/>\nLandwehrstr. 31<br \/>\n80336 M\u00fcnchen<\/p>\n<\/div><div class=\"nectar_icon_wrap\" data-style=\"default\" data-padding=\"15px\" data-color=\"accent-color\" style=\"\" >\n\t\t<div class=\"nectar_icon\" ><a href=\"https:\/\/www.facebook.com\/sophielatourconseilfinancier\/\" ><\/a><span class=\"im-icon-wrap\" data-color=\"accent-color\" style=\"height: 50px; width: 50px;\"><span><svg role=\"presentation\" version=\"1.1\" xmlns=\"http:\/\/www.w3.org\/2000\/svg\" width=\"50\" height=\"50\" viewbox=\"0 0 32 32\">\n        <path d=\"M28.667 32h-6.667c-0.367 0-0.667-0.3-0.667-0.667v-12c0-0.367 0.3-0.667 0.667-0.667h3.521l0.888-2.667h-4.409c-0.367 0-0.667-0.3-0.667-0.667v-4.333c0-1.853 2.079-3 4-3h1.333v-2.667h-2.667c-2.467 0-5.333 2.039-5.333 4.667v5.333c0 0.367-0.3 0.667-0.667 0.667h-4.667v2.667h4.667c0.367 0 0.667 0.3 0.667 0.667v12c0 0.367-0.3 0.667-0.667 0.667h-14.667c-1.837 0-3.333-1.495-3.333-3.333v-25.333c0-1.839 1.496-3.333 3.333-3.333h25.333c1.839 0 3.333 1.495 3.333 3.333v25.333c0 1.839-1.495 3.333-3.333 3.333zM22.667 30.667h6c1.103 0 2-0.897 2-2v-25.333c0-1.103-0.897-2-2-2h-25.333c-1.103 0-2 0.897-2 2v25.333c0 1.103 0.897 2 2 2h14v-10.667h-4.667c-0.368 0-0.667-0.3-0.667-0.667v-4c0-0.367 0.299-0.667 0.667-0.667h4.667v-4.667c0-3.433 3.521-6 6.667-6h3.333c0.367 0 0.667 0.3 0.667 0.667v4c0 0.367-0.3 0.667-0.667 0.667h-2c-1.113 0-2.667 0.636-2.667 1.667v3.667h4.667c0.215 0 0.417 0.103 0.539 0.277 0.128 0.173 0.161 0.397 0.093 0.6l-1.333 4c-0.091 0.272-0.348 0.456-0.635 0.456h-3.331v10.667z\"><\/path>\n        <\/svg><\/span><\/span><\/div>\n\t<\/div><div class=\"nectar_icon_wrap\" data-style=\"default\" data-padding=\"20px\" data-color=\"accent-color\" style=\"\" >\n\t\t<div class=\"nectar_icon\" ><a href=\"https:\/\/www.youtube.com\/channel\/UCimGj39h7UJg9oW6MyE-GHA\" ><\/a><span class=\"im-icon-wrap\" data-color=\"accent-color\" style=\"height: 50px; width: 50px;\"><span><svg role=\"presentation\" version=\"1.1\" xmlns=\"http:\/\/www.w3.org\/2000\/svg\" width=\"50\" height=\"50\" viewbox=\"0 0 32 32\">\n        <path d=\"M16.001 26.9c-2.915 0-5.884-0.109-10.251-0.373-2.319-0.139-4.475-2.181-4.711-4.451-0.493-4.817-0.493-7.308 0.003-12.125 0.235-2.272 2.391-4.308 4.708-4.452 8.732-0.531 11.768-0.531 20.5 0 2.313 0.139 4.472 2.18 4.704 4.451 0.497 4.823 0.497 7.315 0.007 12.124-0.236 2.272-2.395 4.308-4.711 4.453-4.364 0.264-7.335 0.373-10.249 0.373zM16.001 6.457c-2.885 0-5.832 0.108-10.169 0.372-1.675 0.101-3.293 1.625-3.463 3.257-0.489 4.756-0.489 7.084-0.003 11.851 0.169 1.632 1.789 3.151 3.467 3.252 8.675 0.528 11.664 0.528 20.337 0 1.68-0.101 3.3-1.625 3.469-3.253 0.487-4.751 0.487-7.083-0.005-11.852-0.169-1.633-1.787-3.153-3.464-3.255-4.336-0.264-7.284-0.372-10.169-0.372zM12.668 19.66c-0.128 0-0.251-0.036-0.363-0.108-0.191-0.125-0.304-0.333-0.304-0.559v-7.156c0-0.225 0.113-0.435 0.304-0.559s0.424-0.141 0.635-0.052l8.147 3.58c0.247 0.107 0.4 0.348 0.4 0.609 0 0.264-0.153 0.505-0.4 0.612l-8.147 3.58c-0.088 0.032-0.18 0.052-0.272 0.052zM13.335 12.859v5.115l5.825-2.557-5.825-2.557z\"><\/path>\n        <\/svg><\/span><\/span><\/div>\n\t<\/div><div class=\"nectar_icon_wrap\" data-style=\"default\" data-padding=\"20px\" data-color=\"accent-color\" style=\"\" >\n\t\t<div class=\"nectar_icon\" ><a href=\"https:\/\/www.linkedin.com\/in\/sophie-latour-0b697119\/?originalSubdomain=fr\" ><\/a><span class=\"im-icon-wrap\" data-color=\"accent-color\" style=\"height: 50px; width: 50px;\"><span><svg role=\"presentation\" version=\"1.1\" xmlns=\"http:\/\/www.w3.org\/2000\/svg\" width=\"50\" height=\"50\" viewbox=\"0 0 39 32\">\n        <path d=\"M33.361 0h-28c-1.103 0-2 0.897-2 2v28c0 1.103 0.897 2 2 2h28c1.104 0 2-0.897 2-2v-28c0-1.103-0.896-2-2-2zM34.028 30c0 0.367-0.3 0.667-0.667 0.667h-28c-0.368 0-0.667-0.3-0.667-0.667v-28c0-0.368 0.299-0.667 0.667-0.667h28c0.367 0 0.667 0.299 0.667 0.667v28zM13.361 12h-5.333c-0.368 0-0.667 0.299-0.667 0.667v14.667c0 0.368 0.299 0.667 0.667 0.667h5.333c0.368 0 0.667-0.299 0.667-0.667v-14.667c0-0.368-0.297-0.667-0.667-0.667zM12.695 26.667h-4v-13.333h4v13.333zM10.695 3.333c-1.837 0-3.333 1.496-3.333 3.333s1.496 3.333 3.333 3.333 3.333-1.496 3.333-3.333-1.495-3.333-3.333-3.333zM10.695 8.667c-1.103 0-2-0.897-2-2s0.897-2 2-2 2 0.897 2 2-0.896 2-2 2zM25.361 11.999c-2.191 0-3.732 0.483-4.667 0.908v-0.24c0-0.368-0.297-0.667-0.667-0.667h-4c-0.368 0-0.667 0.299-0.667 0.667v14.667c0 0.368 0.299 0.667 0.667 0.667h4c0.369 0 0.667-0.299 0.667-0.667v-8c0-1.103 0.899-2 2-2 1.104 0 2 0.897 2 2v8c0 0.368 0.3 0.667 0.667 0.667h5.333c0.369 0 0.667-0.299 0.667-0.667v-9.333c0-3.308-2.691-6.001-6-6.001zM30.028 26.667h-4v-7.333c0-1.839-1.495-3.333-3.333-3.333s-3.333 1.495-3.333 3.333v7.333h-2.667v-13.333h2.667v0.721c0 0.256 0.148 0.488 0.379 0.599s0.505 0.079 0.707-0.080c0.016-0.012 1.599-1.241 4.915-1.241 2.573 0 4.667 2.093 4.667 4.668v8.667z\"><\/path>\n        <\/svg><\/span><\/span><\/div>\n\t<\/div>\n\t<div class=\"wpb_raw_code wpb_raw_html wpb_content_element\" >\n\t\t<div class=\"wpb_wrapper\">\n\t\t\t<iframe src=\"https:\/\/www.google.com\/maps\/embed?pb=!1m18!1m12!1m3!1d62524.313531990076!2d11.531314080385854!3d48.16059867567251!2m3!1f0!2f0!3f0!3m2!1i1024!2i768!4f13.1!3m3!1m2!1s0x479e75f8078b9aa1%3A0x94b60d8a230b8c43!2sLandwehrstra%C3%9Fe%2031%2C%2080336%20M%C3%BCnchen%2C%20Allemagne!5e0!3m2!1sfr!2sfr!4v1739266469966!5m2!1sfr!2sfr\" width=\"600\" height=\"450\" style=\"border:0;\" allowfullscreen=\"\" loading=\"lazy\" referrerpolicy=\"no-referrer-when-downgrade\"><\/iframe>\n\t\t<\/div>\n\t<\/div>\n\n\t\t\t<\/div> \n\t\t<\/div>\n\t<\/div> \n<\/div><\/div>","protected":false},"excerpt":{"rendered":"Contact us now! Your financial consultancy specializing in tax and financial management in Germany for French expatriates, whether it's your retirement, real estate or investments...","protected":false},"author":1,"featured_media":0,"parent":0,"menu_order":0,"comment_status":"closed","ping_status":"closed","template":"","meta":{"footnotes":""},"class_list":["post-6258","page","type-page","status-publish"],"yoast_head":"<!-- This site is optimized with the Yoast SEO plugin v26.2 - https:\/\/yoast.com\/wordpress\/plugins\/seo\/ -->\n<title>Contactez Expat Finance - Expat Finances<\/title>\n<meta name=\"description\" content=\"Contactez-nous pour toutes demandes sur la fiscalit\u00e9, finance, retraite...en Allemagne. Nous restons \u00e0 votre enti\u00e8re disposition.\" \/>\n<meta name=\"robots\" content=\"index, follow, max-snippet:-1, max-image-preview:large, max-video-preview:-1\" \/>\n<link rel=\"canonical\" href=\"https:\/\/latour-finances.de\/en\/contact-expat-finance-study-germany\/\" \/>\n<meta property=\"og:locale\" content=\"en_US\" \/>\n<meta property=\"og:type\" content=\"article\" \/>\n<meta property=\"og:title\" content=\"Contactez Expat Finance - Expat Finances\" \/>\n<meta property=\"og:description\" content=\"Contactez-nous pour toutes demandes sur la fiscalit\u00e9, finance, retraite...en Allemagne. Nous restons \u00e0 votre enti\u00e8re disposition.\" \/>\n<meta property=\"og:url\" content=\"https:\/\/latour-finances.de\/en\/contact-expat-finance-study-germany\/\" \/>\n<meta property=\"og:site_name\" content=\"Expat Finances\" \/>\n<meta property=\"article:modified_time\" content=\"2025-06-13T12:12:27+00:00\" \/>\n<meta name=\"twitter:card\" content=\"summary_large_image\" \/>\n<meta name=\"twitter:label1\" content=\"Est. reading time\" \/>\n\t<meta name=\"twitter:data1\" content=\"1 minute\" \/>\n<script type=\"application\/ld+json\" class=\"yoast-schema-graph\">{\"@context\":\"https:\/\/schema.org\",\"@graph\":[{\"@type\":\"WebPage\",\"@id\":\"https:\/\/latour-finances.de\/contactez-expat-finances-etude-allemagne\/\",\"url\":\"https:\/\/latour-finances.de\/contactez-expat-finances-etude-allemagne\/\",\"name\":\"Contactez Expat Finance - Expat Finances\",\"isPartOf\":{\"@id\":\"https:\/\/latour-finances.de\/#website\"},\"datePublished\":\"2025-02-11T09:24:21+00:00\",\"dateModified\":\"2025-06-13T12:12:27+00:00\",\"description\":\"Contactez-nous pour toutes demandes sur la fiscalit\u00e9, finance, retraite...en Allemagne. Nous restons \u00e0 votre enti\u00e8re disposition.\",\"breadcrumb\":{\"@id\":\"https:\/\/latour-finances.de\/contactez-expat-finances-etude-allemagne\/#breadcrumb\"},\"inLanguage\":\"en-US\",\"potentialAction\":[{\"@type\":\"ReadAction\",\"target\":[\"https:\/\/latour-finances.de\/contactez-expat-finances-etude-allemagne\/\"]}]},{\"@type\":\"BreadcrumbList\",\"@id\":\"https:\/\/latour-finances.de\/contactez-expat-finances-etude-allemagne\/#breadcrumb\",\"itemListElement\":[{\"@type\":\"ListItem\",\"position\":1,\"name\":\"Accueil\",\"item\":\"https:\/\/latour-finances.de\/\"},{\"@type\":\"ListItem\",\"position\":2,\"name\":\"Contact\"}]},{\"@type\":\"WebSite\",\"@id\":\"https:\/\/latour-finances.de\/#website\",\"url\":\"https:\/\/latour-finances.de\/\",\"name\":\"Expat Finances\",\"description\":\"\",\"potentialAction\":[{\"@type\":\"SearchAction\",\"target\":{\"@type\":\"EntryPoint\",\"urlTemplate\":\"https:\/\/latour-finances.de\/?s={search_term_string}\"},\"query-input\":{\"@type\":\"PropertyValueSpecification\",\"valueRequired\":true,\"valueName\":\"search_term_string\"}}],\"inLanguage\":\"en-US\"}]}<\/script>\n<!-- \/ Yoast SEO plugin. -->","yoast_head_json":{"title":"Contact Expat Finance - Expat Finances","description":"Contact us with any questions you may have about tax, finance, pensions...in Germany. We remain at your entire disposal.","robots":{"index":"index","follow":"follow","max-snippet":"max-snippet:-1","max-image-preview":"max-image-preview:large","max-video-preview":"max-video-preview:-1"},"canonical":"https:\/\/latour-finances.de\/en\/contact-expat-finance-study-germany\/","og_locale":"en_US","og_type":"article","og_title":"Contactez Expat Finance - Expat Finances","og_description":"Contactez-nous pour toutes demandes sur la fiscalit\u00e9, finance, retraite...en Allemagne. Nous restons \u00e0 votre enti\u00e8re disposition.","og_url":"https:\/\/latour-finances.de\/en\/contact-expat-finance-study-germany\/","og_site_name":"Expat Finances","article_modified_time":"2025-06-13T12:12:27+00:00","twitter_card":"summary_large_image","twitter_misc":{"Est. reading time":"1 minute"},"schema":{"@context":"https:\/\/schema.org","@graph":[{"@type":"WebPage","@id":"https:\/\/latour-finances.de\/contactez-expat-finances-etude-allemagne\/","url":"https:\/\/latour-finances.de\/contactez-expat-finances-etude-allemagne\/","name":"Contact Expat Finance - Expat Finances","isPartOf":{"@id":"https:\/\/latour-finances.de\/#website"},"datePublished":"2025-02-11T09:24:21+00:00","dateModified":"2025-06-13T12:12:27+00:00","description":"Contact us with any questions you may have about tax, finance, pensions...in Germany. We remain at your entire disposal.","breadcrumb":{"@id":"https:\/\/latour-finances.de\/contactez-expat-finances-etude-allemagne\/#breadcrumb"},"inLanguage":"en-US","potentialAction":[{"@type":"ReadAction","target":["https:\/\/latour-finances.de\/contactez-expat-finances-etude-allemagne\/"]}]},{"@type":"BreadcrumbList","@id":"https:\/\/latour-finances.de\/contactez-expat-finances-etude-allemagne\/#breadcrumb","itemListElement":[{"@type":"ListItem","position":1,"name":"Accueil","item":"https:\/\/latour-finances.de\/"},{"@type":"ListItem","position":2,"name":"Contact"}]},{"@type":"WebSite","@id":"https:\/\/latour-finances.de\/#website","url":"https:\/\/latour-finances.de\/","name":"Expat Finances","description":"","potentialAction":[{"@type":"SearchAction","target":{"@type":"EntryPoint","urlTemplate":"https:\/\/latour-finances.de\/?s={search_term_string}"},"query-input":{"@type":"PropertyValueSpecification","valueRequired":true,"valueName":"search_term_string"}}],"inLanguage":"en-US"}]}},"_links":{"self":[{"href":"https:\/\/latour-finances.de\/en\/wp-json\/wp\/v2\/pages\/6258","targetHints":{"allow":["GET"]}}],"collection":[{"href":"https:\/\/latour-finances.de\/en\/wp-json\/wp\/v2\/pages"}],"about":[{"href":"https:\/\/latour-finances.de\/en\/wp-json\/wp\/v2\/types\/page"}],"author":[{"embeddable":true,"href":"https:\/\/latour-finances.de\/en\/wp-json\/wp\/v2\/users\/1"}],"replies":[{"embeddable":true,"href":"https:\/\/latour-finances.de\/en\/wp-json\/wp\/v2\/comments?post=6258"}],"version-history":[{"count":19,"href":"https:\/\/latour-finances.de\/en\/wp-json\/wp\/v2\/pages\/6258\/revisions"}],"predecessor-version":[{"id":6702,"href":"https:\/\/latour-finances.de\/en\/wp-json\/wp\/v2\/pages\/6258\/revisions\/6702"}],"wp:attachment":[{"href":"https:\/\/latour-finances.de\/en\/wp-json\/wp\/v2\/media?parent=6258"}],"curies":[{"name":"wp","href":"https:\/\/api.w.org\/{rel}","templated":true}]}}