{"id":2,"date":"2024-10-30T16:31:23","date_gmt":"2024-10-30T15:31:23","guid":{"rendered":"http:\/\/localhost:8888\/latour-finance\/?page_id=2"},"modified":"2024-10-30T16:31:23","modified_gmt":"2024-10-30T15:31:23","slug":"example-page","status":"publish","type":"page","link":"https:\/\/latour-finances.de\/en\/example-page\/","title":{"rendered":"Example page"},"content":{"rendered":"<p>This is a sample page. It's different from a blog post because it will stay in the same place and appear in your site navigation (in most themes). Most people start with an \u00abAbout\u00bb page that introduces them to people visiting the site. It might look something like this:<\/p>\n\n\n\n<blockquote class=\"wp-block-quote is-layout-flow wp-block-quote-is-layout-flow\"><p>Hello ! I'm a mechanic who aspires to be an actor, and this is my website. I live in Bordeaux, have a great dog named Russell, and love vodka (as well as being surprised by sudden rain during long walks on the beach at sunset).<\/p><\/blockquote>\n\n\n\n<p>...or something like that:<\/p>\n\n\n\n<blockquote class=\"wp-block-quote is-layout-flow wp-block-quote-is-layout-flow\"><p>123 Machin Truc was founded in 1971, and has been providing the public with quality contraption ever since. Located in Saint-Remy-en-Bouzemont-Saint-Genest-et-Isson, 123 Machin Truc employs 2,000 people, and manufactures all kinds of cool stuff for the Bouzemont community.<\/p><\/blockquote>\n\n\n\n<p>As a new WordPress user, you should go to <a href=\"http:\/\/localhost:8888\/latour-finance\/wp-admin\/\">your dashboard<\/a> to delete this page and create new pages for your content. Have fun!<\/p>","protected":false},"excerpt":{"rendered":"<p>Ceci est une page d\u2019exemple. C\u2019est diff\u00e9rent d\u2019un article de blog parce qu\u2019elle restera au m\u00eame endroit et appara\u00eetra dans la navigation de votre site (dans la plupart des th\u00e8mes)&#8230;.<\/p>","protected":false},"author":1,"featured_media":0,"parent":0,"menu_order":0,"comment_status":"closed","ping_status":"open","template":"","meta":{"footnotes":""},"class_list":["post-2","page","type-page","status-publish"],"yoast_head":"<!-- This site is optimized with the Yoast SEO plugin v26.2 - https:\/\/yoast.com\/wordpress\/plugins\/seo\/ -->\n<title>Page d\u2019exemple - Expat Finances<\/title>\n<meta name=\"robots\" content=\"index, follow, max-snippet:-1, max-image-preview:large, max-video-preview:-1\" \/>\n<link rel=\"canonical\" href=\"https:\/\/latour-finances.de\/en\/example-page\/\" \/>\n<meta property=\"og:locale\" content=\"en_US\" \/>\n<meta property=\"og:type\" content=\"article\" \/>\n<meta property=\"og:title\" content=\"Page d\u2019exemple - Expat Finances\" \/>\n<meta property=\"og:description\" content=\"Ceci est une page d\u2019exemple. C\u2019est diff\u00e9rent d\u2019un article de blog parce qu\u2019elle restera au m\u00eame endroit et appara\u00eetra dans la navigation de votre site (dans la plupart des th\u00e8mes)....\" \/>\n<meta property=\"og:url\" content=\"https:\/\/latour-finances.de\/en\/example-page\/\" \/>\n<meta property=\"og:site_name\" content=\"Expat Finances\" \/>\n<meta name=\"twitter:card\" content=\"summary_large_image\" \/>\n<meta name=\"twitter:label1\" content=\"Est. reading time\" \/>\n\t<meta name=\"twitter:data1\" content=\"1 minute\" \/>\n<script type=\"application\/ld+json\" class=\"yoast-schema-graph\">{\"@context\":\"https:\/\/schema.org\",\"@graph\":[{\"@type\":\"WebPage\",\"@id\":\"https:\/\/latour-finances.de\/page-d-exemple\/\",\"url\":\"https:\/\/latour-finances.de\/page-d-exemple\/\",\"name\":\"Page d\u2019exemple - Expat Finances\",\"isPartOf\":{\"@id\":\"https:\/\/latour-finances.de\/#website\"},\"datePublished\":\"2024-10-30T15:31:23+00:00\",\"breadcrumb\":{\"@id\":\"https:\/\/latour-finances.de\/page-d-exemple\/#breadcrumb\"},\"inLanguage\":\"en-US\",\"potentialAction\":[{\"@type\":\"ReadAction\",\"target\":[\"https:\/\/latour-finances.de\/page-d-exemple\/\"]}]},{\"@type\":\"BreadcrumbList\",\"@id\":\"https:\/\/latour-finances.de\/page-d-exemple\/#breadcrumb\",\"itemListElement\":[{\"@type\":\"ListItem\",\"position\":1,\"name\":\"Accueil\",\"item\":\"https:\/\/latour-finances.de\/\"},{\"@type\":\"ListItem\",\"position\":2,\"name\":\"Page d\u2019exemple\"}]},{\"@type\":\"WebSite\",\"@id\":\"https:\/\/latour-finances.de\/#website\",\"url\":\"https:\/\/latour-finances.de\/\",\"name\":\"Expat Finances\",\"description\":\"\",\"potentialAction\":[{\"@type\":\"SearchAction\",\"target\":{\"@type\":\"EntryPoint\",\"urlTemplate\":\"https:\/\/latour-finances.de\/?s={search_term_string}\"},\"query-input\":{\"@type\":\"PropertyValueSpecification\",\"valueRequired\":true,\"valueName\":\"search_term_string\"}}],\"inLanguage\":\"en-US\"}]}<\/script>\n<!-- \/ Yoast SEO plugin. -->","yoast_head_json":{"title":"Sample page - Expat Finances","robots":{"index":"index","follow":"follow","max-snippet":"max-snippet:-1","max-image-preview":"max-image-preview:large","max-video-preview":"max-video-preview:-1"},"canonical":"https:\/\/latour-finances.de\/en\/example-page\/","og_locale":"en_US","og_type":"article","og_title":"Page d\u2019exemple - Expat Finances","og_description":"Ceci est une page d\u2019exemple. C\u2019est diff\u00e9rent d\u2019un article de blog parce qu\u2019elle restera au m\u00eame endroit et appara\u00eetra dans la navigation de votre site (dans la plupart des th\u00e8mes)....","og_url":"https:\/\/latour-finances.de\/en\/example-page\/","og_site_name":"Expat Finances","twitter_card":"summary_large_image","twitter_misc":{"Est. reading time":"1 minute"},"schema":{"@context":"https:\/\/schema.org","@graph":[{"@type":"WebPage","@id":"https:\/\/latour-finances.de\/page-d-exemple\/","url":"https:\/\/latour-finances.de\/page-d-exemple\/","name":"Sample page - Expat Finances","isPartOf":{"@id":"https:\/\/latour-finances.de\/#website"},"datePublished":"2024-10-30T15:31:23+00:00","breadcrumb":{"@id":"https:\/\/latour-finances.de\/page-d-exemple\/#breadcrumb"},"inLanguage":"en-US","potentialAction":[{"@type":"ReadAction","target":["https:\/\/latour-finances.de\/page-d-exemple\/"]}]},{"@type":"BreadcrumbList","@id":"https:\/\/latour-finances.de\/page-d-exemple\/#breadcrumb","itemListElement":[{"@type":"ListItem","position":1,"name":"Accueil","item":"https:\/\/latour-finances.de\/"},{"@type":"ListItem","position":2,"name":"Page d\u2019exemple"}]},{"@type":"WebSite","@id":"https:\/\/latour-finances.de\/#website","url":"https:\/\/latour-finances.de\/","name":"Expat Finances","description":"","potentialAction":[{"@type":"SearchAction","target":{"@type":"EntryPoint","urlTemplate":"https:\/\/latour-finances.de\/?s={search_term_string}"},"query-input":{"@type":"PropertyValueSpecification","valueRequired":true,"valueName":"search_term_string"}}],"inLanguage":"en-US"}]}},"_links":{"self":[{"href":"https:\/\/latour-finances.de\/en\/wp-json\/wp\/v2\/pages\/2","targetHints":{"allow":["GET"]}}],"collection":[{"href":"https:\/\/latour-finances.de\/en\/wp-json\/wp\/v2\/pages"}],"about":[{"href":"https:\/\/latour-finances.de\/en\/wp-json\/wp\/v2\/types\/page"}],"author":[{"embeddable":true,"href":"https:\/\/latour-finances.de\/en\/wp-json\/wp\/v2\/users\/1"}],"replies":[{"embeddable":true,"href":"https:\/\/latour-finances.de\/en\/wp-json\/wp\/v2\/comments?post=2"}],"version-history":[{"count":0,"href":"https:\/\/latour-finances.de\/en\/wp-json\/wp\/v2\/pages\/2\/revisions"}],"wp:attachment":[{"href":"https:\/\/latour-finances.de\/en\/wp-json\/wp\/v2\/media?parent=2"}],"curies":[{"name":"wp","href":"https:\/\/api.w.org\/{rel}","templated":true}]}}